{"id":1355,"date":"2022-02-02T15:22:19","date_gmt":"2022-02-02T15:22:19","guid":{"rendered":"http:\/\/observatori-igualtat.es\/politica-de-cookies\/"},"modified":"2022-06-21T12:37:51","modified_gmt":"2022-06-21T11:37:51","slug":"politica-de-cookies","status":"publish","type":"page","link":"https:\/\/observatori-igualtat.es\/es\/politica-de-cookies\/","title":{"rendered":"Pol\u00edtica de cookies"},"content":{"rendered":"\t\t<div data-elementor-type=\"wp-page\" data-elementor-id=\"1355\" class=\"elementor elementor-1355 elementor-557\" data-elementor-post-type=\"page\">\r\n\t\t\t\t\t\t<section class=\"elementor-section elementor-top-section elementor-element elementor-element-9a68a84 elementor-section-boxed elementor-section-height-default elementor-section-height-default\" data-id=\"9a68a84\" data-element_type=\"section\">\r\n\t\t\t\t\t\t<div class=\"elementor-container elementor-column-gap-default\">\r\n\t\t\t\t\t<div class=\"elementor-column elementor-col-100 elementor-top-column elementor-element elementor-element-bca97ad\" data-id=\"bca97ad\" data-element_type=\"column\">\r\n\t\t\t<div class=\"elementor-widget-wrap elementor-element-populated\">\r\n\t\t\t\t\t\t<div class=\"elementor-element elementor-element-60267a2 elementor-widget elementor-widget-observatori-heading\" data-id=\"60267a2\" data-element_type=\"widget\" data-widget_type=\"observatori-heading.default\">\r\n\t\t\t\t<div class=\"elementor-widget-container\">\r\n\t\t\t<h2 class=\"elementor-heading-title elementor-heading-background elementor-size-default\" id=\"60267a2\">Pol\u00edtica de cookies<\/h2>\t\t<\/div>\r\n\t\t\t\t<\/div>\r\n\t\t\t\t\t<\/div>\r\n\t\t<\/div>\r\n\t\t\t\t\t<\/div>\r\n\t\t<\/section>\r\n\t\t\t\t<section class=\"elementor-section elementor-top-section elementor-element elementor-element-528bf01 elementor-section-boxed elementor-section-height-default elementor-section-height-default\" data-id=\"528bf01\" data-element_type=\"section\">\r\n\t\t\t\t\t\t<div class=\"elementor-container elementor-column-gap-default\">\r\n\t\t\t\t\t<div class=\"elementor-column elementor-col-100 elementor-top-column elementor-element elementor-element-646d1dd\" data-id=\"646d1dd\" data-element_type=\"column\">\r\n\t\t\t<div class=\"elementor-widget-wrap elementor-element-populated\">\r\n\t\t\t\t\t\t<div class=\"elementor-element elementor-element-48d3794 elementor-widget elementor-widget-text-editor\" data-id=\"48d3794\" data-element_type=\"widget\" data-widget_type=\"text-editor.default\">\r\n\t\t\t\t<div class=\"elementor-widget-container\">\r\n\t\t\t\t\t\t\t<h2>Sumario<\/h2>\n<ul>\n<li>Cookies usadas: <strong>Propias y de Terceros<\/strong><\/li>\n<li>\u00bfSe usan para obtener estad\u00edsticas? <strong>S\u00ed<\/strong><\/li>\n<li>\u00bfSe usan para publicidad? <strong>S\u00ed<\/strong><\/li>\n<li>Servicios de terceros que instalan cookies a trav\u00e9s de esta web: <strong>Google Analytics<\/strong><\/li>\n<\/ul>\n<h2>C\u00f3mo configurar y deshabilitar las cookies<\/h2>\n<p>Puedes permitir, bloquear o eliminar las cookies instaladas en tu dispositivo desde tu navegador web. Si no permites la instalaci\u00f3n de cookies en tu dispositivo, puede que la experiencia de navegaci\u00f3n empeore. A continuaci\u00f3n puedes encontrar c\u00f3mo configurar las cookies en cada navegador:<\/p>\n<p>&#8211; <a href=\"http:\/\/windows.microsoft.com\/es-es\/windows-10\/edge-privacy-faq\">Edge<\/a><br \/>\n&#8211; <a href=\"https:\/\/support.google.com\/chrome\/answer\/95647?hl=es\">Google Chrome<\/a><br \/>\n&#8211; <a href=\"https:\/\/support.google.com\/chrome\/answer\/114662?hl=es&amp;visit_id=1-636664625754483085-1648636281&amp;rd=1&amp;co=GENIE.Platform%3DAndroid&amp;oco=1\">Google Android<\/a><br \/>\n&#8211; <a href=\"https:\/\/support.microsoft.com\/es-es\/help\/17442\/windows-internet-explorer-delete-manage-cookies\">Internet Explorer 8<\/a><br \/>\n&#8211; <a href=\"https:\/\/support.microsoft.com\/es-es\/help\/278835\/how-to-delete-cookie-files-in-internet-explorer\">Internet Explorer 9<\/a><br \/>\n&#8211; <a href=\"https:\/\/support.microsoft.com\/es-es\/help\/17442\/windows-internet-explorer-delete-manage-cookies#ie=ie-10\">Internet Explorer 11<\/a><br \/>\n&#8211; <a href=\"https:\/\/support.mozilla.org\/es\/kb\/habilitar-y-deshabilitar-cookies-que-los-sitios-we\">Mozilla Firefox<\/a><br \/>\n&#8211; <a href=\"https:\/\/help.opera.com\/en\/latest\/web-preferences\/#cookies\">Opera<\/a><br \/>\n&#8211; <a href=\"https:\/\/support.apple.com\/es-es\/guide\/safari\/sfri11471\/mac\">Safari<\/a><br \/>\n&#8211; <a href=\"https:\/\/support.apple.com\/es-es\/HT201265\">Safari Mobile<\/a><br \/>\n&#8211; <a href=\"https:\/\/support.brave.com\/hc\/en-us\/articles\/360050634931-How-Do-I-Manage-Cookies-In-Brave-\">Brave<\/a><\/p>\n<p><strong>1.- Tipos y usos<\/strong><\/p>\n<p>El servicio usa cookies propias y de terceros para mejorar la navegaci\u00f3n, proporcionar el servicio y obtener estad\u00edsticas sobre el uso de la p\u00e1gina web.<\/p>\n<p><strong>2.- \u00bfQu\u00e9 es una cookie y para qu\u00e9 sirve?<\/strong><\/p>\n<p>Una cookie es un fichero de texto que se env\u00eda al navegador web de tu ordenador, m\u00f3vil o tablet y que sirve para almacenar y recuperar informaci\u00f3n sobre la navegaci\u00f3n realizada. Por ejemplo, recordar tu nombre de usuario y contrase\u00f1a o las preferencias de tu perfil.<\/p>\n<p><strong>3.- \u00bfQu\u00e9 tipos de cookies hay?<\/strong><br \/>\nSeg\u00fan qui\u00e9n las gestiona:<\/p>\n<p>\u2022 <span style=\"text-decoration: underline;\">Cookies propias<\/span>; se env\u00edan a tu navegador desde nuestros equipos o dominios web.<\/p>\n<p>\u2022 <span style=\"text-decoration: underline;\">Cookies de terceros<\/span>; se env\u00edan a tu navegador desde un equipo o dominio web que no gestionamos nosotros directamente, sino una tercera entidad como por ejemplo Google.<\/p>\n<p>En funci\u00f3n del tiempo que est\u00e1n activas, hay:<\/p>\n<p>\u2022 <span style=\"text-decoration: underline;\">Cookies de sesi\u00f3n<\/span>; permanecen en el archivo de cookies de tu navegador hasta que abandonas la p\u00e1gina web, de modo que ninguna queda en tu dispositivo.<\/p>\n<p>\u2022 <span style=\"text-decoration: underline;\">Cookies persistentes<\/span>; permanecen en tu dispositivo y nuestra web las lee cada vez que realizas una nueva visita. Estas cookies dejan de funcionar pasada una fecha concreta.<\/p>\n<p>Finalmente, y seg\u00fan su finalidad, tenemos:<\/p>\n<p>\u2022 <span style=\"text-decoration: underline;\">Cookies t\u00e9cnicas<\/span>; mejoran la navegaci\u00f3n y el buen funcionamiento de la web.<\/p>\n<p>\u2022 <span style=\"text-decoration: underline;\">Cookies de personalizaci\u00f3n<\/span>; permiten acceder al servicio con unas caracter\u00edsticas predefinidas en funci\u00f3n de una serie de criterios.<\/p>\n<p>\u2022 <span style=\"text-decoration: underline;\">Cookies de an\u00e1lisis<\/span>; permiten medir y analizar estad\u00edsticamente el uso que se hace del servicio prestado.<\/p>\n<p>Cookies usadas por IBDona<\/p>\n<table>\n<tbody>\n<tr>\n<th>Nombre<\/th>\n<th>Origen<\/th>\n<th>Finalidad<\/th>\n<th>Tipo<\/th>\n<th>Caducidad<\/th>\n<\/tr>\n<tr>\n<td>_gat<\/td>\n<td>www.observatori-igualtat.es<\/td>\n<td>Anal\u00edtica (rendimiento)<\/td>\n<td>Tercero<\/td>\n<td>Sesi\u00f3n<\/td>\n<\/tr>\n<tr>\n<td>_gid<\/td>\n<td>www.observatori-igualtat.es<\/td>\n<td>Anal\u00edtica (funcionalidad)<\/td>\n<td>Tercero<\/td>\n<td>1 d\u00eda<\/td>\n<\/tr>\n<tr>\n<td>_ga<\/td>\n<td>www.observatori-igualtat.es<\/td>\n<td>Anal\u00edtica (rendimiento)<\/td>\n<td>Tercero<\/td>\n<td>2 a\u00f1os<\/td>\n<\/tr>\n<\/tbody>\n<\/table>\n<p>Lista de cookies de tercero:<br \/>\n<a href=\"https:\/\/developers.google.com\/analytics\/devguides\/collection\/analyticsjs\/cookie-usage\">Google Analytics<\/a>: Sus cookies (como por ejemplo _ga) permiten contabilizar las veces que cada persona usuaria visita una web, c\u00f3mo, cu\u00e1ndo y desde d\u00f3nde lo hace.<\/p>\n<p>En cualquier caso, puedes inhabilitar las cookies de Google Analytics desde <a href=\"https:\/\/tools.google.com\/dlpage\/gaoptout\">aqu\u00ed<\/a>.<\/p>\n\t\t\t\t\t\t<\/div>\r\n\t\t\t\t<\/div>\r\n\t\t\t\t\t<\/div>\r\n\t\t<\/div>\r\n\t\t\t\t\t<\/div>\r\n\t\t<\/section>\r\n\t\t\t\t<\/div>\r\n\t\t","protected":false},"excerpt":{"rendered":"<p>Pol\u00edtica de cookies Sumario Cookies usadas: Propias y de Terceros \u00bfSe usan para obtener estad\u00edsticas? S\u00ed \u00bfSe usan para publicidad? S\u00ed Servicios de terceros que instalan<span class=\"excerpt-hellip\"> [\u2026]<\/span><\/p>\n","protected":false},"author":2,"featured_media":0,"parent":0,"menu_order":0,"comment_status":"closed","ping_status":"closed","template":"","meta":{"inline_featured_image":false,"footnotes":""},"class_list":["post-1355","page","type-page","status-publish","hentry"],"yoast_head":"<!-- This site is optimized with the Yoast SEO plugin v26.9 - https:\/\/yoast.com\/product\/yoast-seo-wordpress\/ -->\n<title>Pol\u00edtica de cookies - Observatori per a la igualtat<\/title>\n<meta name=\"robots\" content=\"index, follow, max-snippet:-1, max-image-preview:large, max-video-preview:-1\" \/>\n<link rel=\"canonical\" href=\"https:\/\/observatori-igualtat.es\/politica-de-cookies\/\" \/>\n<meta property=\"og:locale\" content=\"es_ES\" \/>\n<meta property=\"og:type\" content=\"article\" \/>\n<meta property=\"og:title\" content=\"Pol\u00edtica de cookies - Observatori per a la igualtat\" \/>\n<meta property=\"og:description\" content=\"Pol\u00edtica de cookies Sumario Cookies usadas: Propias y de Terceros \u00bfSe usan para obtener estad\u00edsticas? S\u00ed \u00bfSe usan para publicidad? S\u00ed Servicios de terceros que instalan [\u2026]\" \/>\n<meta property=\"og:url\" content=\"https:\/\/observatori-igualtat.es\/politica-de-cookies\/\" \/>\n<meta property=\"og:site_name\" content=\"Observatori per a la igualtat\" \/>\n<meta property=\"article:publisher\" content=\"https:\/\/www.facebook.com\/institutbaleardeladona\" \/>\n<meta property=\"article:modified_time\" content=\"2022-06-21T11:37:51+00:00\" \/>\n<meta name=\"twitter:card\" content=\"summary_large_image\" \/>\n<meta name=\"twitter:site\" content=\"@IB_Dona\" \/>\n<meta name=\"twitter:label1\" content=\"Tiempo de lectura\" \/>\n\t<meta name=\"twitter:data1\" content=\"2 minutos\" \/>\n<script type=\"application\/ld+json\" class=\"yoast-schema-graph\">{\"@context\":\"https:\/\/schema.org\",\"@graph\":[{\"@type\":\"WebPage\",\"@id\":\"https:\/\/observatori-igualtat.es\/politica-de-cookies\/\",\"url\":\"https:\/\/observatori-igualtat.es\/politica-de-cookies\/\",\"name\":\"Pol\u00edtica de cookies - Observatori per a la igualtat\",\"isPartOf\":{\"@id\":\"https:\/\/observatori-igualtat.es\/#website\"},\"datePublished\":\"2022-02-02T15:22:19+00:00\",\"dateModified\":\"2022-06-21T11:37:51+00:00\",\"breadcrumb\":{\"@id\":\"https:\/\/observatori-igualtat.es\/politica-de-cookies\/#breadcrumb\"},\"inLanguage\":\"es\",\"potentialAction\":[{\"@type\":\"ReadAction\",\"target\":[\"https:\/\/observatori-igualtat.es\/politica-de-cookies\/\"]}]},{\"@type\":\"BreadcrumbList\",\"@id\":\"https:\/\/observatori-igualtat.es\/politica-de-cookies\/#breadcrumb\",\"itemListElement\":[{\"@type\":\"ListItem\",\"position\":1,\"name\":\"Portada\",\"item\":\"https:\/\/observatori-igualtat.es\/es\/\"},{\"@type\":\"ListItem\",\"position\":2,\"name\":\"Pol\u00edtica de cookies\"}]},{\"@type\":\"WebSite\",\"@id\":\"https:\/\/observatori-igualtat.es\/#website\",\"url\":\"https:\/\/observatori-igualtat.es\/\",\"name\":\"Observatori per a la igualtat\",\"description\":\"\",\"publisher\":{\"@id\":\"https:\/\/observatori-igualtat.es\/#organization\"},\"potentialAction\":[{\"@type\":\"SearchAction\",\"target\":{\"@type\":\"EntryPoint\",\"urlTemplate\":\"https:\/\/observatori-igualtat.es\/?s={search_term_string}\"},\"query-input\":{\"@type\":\"PropertyValueSpecification\",\"valueRequired\":true,\"valueName\":\"search_term_string\"}}],\"inLanguage\":\"es\"},{\"@type\":\"Organization\",\"@id\":\"https:\/\/observatori-igualtat.es\/#organization\",\"name\":\"Observatori per a la igualtat\",\"url\":\"https:\/\/observatori-igualtat.es\/\",\"logo\":{\"@type\":\"ImageObject\",\"inLanguage\":\"es\",\"@id\":\"https:\/\/observatori-igualtat.es\/#\/schema\/logo\/image\/\",\"url\":\"https:\/\/observatori-igualtat.es\/wp-content\/uploads\/2021\/11\/cropped-lupa-icon.png\",\"contentUrl\":\"https:\/\/observatori-igualtat.es\/wp-content\/uploads\/2021\/11\/cropped-lupa-icon.png\",\"width\":512,\"height\":512,\"caption\":\"Observatori per a la igualtat\"},\"image\":{\"@id\":\"https:\/\/observatori-igualtat.es\/#\/schema\/logo\/image\/\"},\"sameAs\":[\"https:\/\/www.facebook.com\/institutbaleardeladona\",\"https:\/\/x.com\/IB_Dona\",\"https:\/\/www.instagram.com\/ib_dona\",\"https:\/\/www.youtube.com\/channel\/UC8SGWsVp4ABV3Ljo3rb_EGw\"]}]}<\/script>\n<!-- \/ Yoast SEO plugin. -->","yoast_head_json":{"title":"Pol\u00edtica de cookies - Observatori per a la igualtat","robots":{"index":"index","follow":"follow","max-snippet":"max-snippet:-1","max-image-preview":"max-image-preview:large","max-video-preview":"max-video-preview:-1"},"canonical":"https:\/\/observatori-igualtat.es\/politica-de-cookies\/","og_locale":"es_ES","og_type":"article","og_title":"Pol\u00edtica de cookies - Observatori per a la igualtat","og_description":"Pol\u00edtica de cookies Sumario Cookies usadas: Propias y de Terceros \u00bfSe usan para obtener estad\u00edsticas? S\u00ed \u00bfSe usan para publicidad? S\u00ed Servicios de terceros que instalan [\u2026]","og_url":"https:\/\/observatori-igualtat.es\/politica-de-cookies\/","og_site_name":"Observatori per a la igualtat","article_publisher":"https:\/\/www.facebook.com\/institutbaleardeladona","article_modified_time":"2022-06-21T11:37:51+00:00","twitter_card":"summary_large_image","twitter_site":"@IB_Dona","twitter_misc":{"Tiempo de lectura":"2 minutos"},"schema":{"@context":"https:\/\/schema.org","@graph":[{"@type":"WebPage","@id":"https:\/\/observatori-igualtat.es\/politica-de-cookies\/","url":"https:\/\/observatori-igualtat.es\/politica-de-cookies\/","name":"Pol\u00edtica de cookies - Observatori per a la igualtat","isPartOf":{"@id":"https:\/\/observatori-igualtat.es\/#website"},"datePublished":"2022-02-02T15:22:19+00:00","dateModified":"2022-06-21T11:37:51+00:00","breadcrumb":{"@id":"https:\/\/observatori-igualtat.es\/politica-de-cookies\/#breadcrumb"},"inLanguage":"es","potentialAction":[{"@type":"ReadAction","target":["https:\/\/observatori-igualtat.es\/politica-de-cookies\/"]}]},{"@type":"BreadcrumbList","@id":"https:\/\/observatori-igualtat.es\/politica-de-cookies\/#breadcrumb","itemListElement":[{"@type":"ListItem","position":1,"name":"Portada","item":"https:\/\/observatori-igualtat.es\/es\/"},{"@type":"ListItem","position":2,"name":"Pol\u00edtica de cookies"}]},{"@type":"WebSite","@id":"https:\/\/observatori-igualtat.es\/#website","url":"https:\/\/observatori-igualtat.es\/","name":"Observatori per a la igualtat","description":"","publisher":{"@id":"https:\/\/observatori-igualtat.es\/#organization"},"potentialAction":[{"@type":"SearchAction","target":{"@type":"EntryPoint","urlTemplate":"https:\/\/observatori-igualtat.es\/?s={search_term_string}"},"query-input":{"@type":"PropertyValueSpecification","valueRequired":true,"valueName":"search_term_string"}}],"inLanguage":"es"},{"@type":"Organization","@id":"https:\/\/observatori-igualtat.es\/#organization","name":"Observatori per a la igualtat","url":"https:\/\/observatori-igualtat.es\/","logo":{"@type":"ImageObject","inLanguage":"es","@id":"https:\/\/observatori-igualtat.es\/#\/schema\/logo\/image\/","url":"https:\/\/observatori-igualtat.es\/wp-content\/uploads\/2021\/11\/cropped-lupa-icon.png","contentUrl":"https:\/\/observatori-igualtat.es\/wp-content\/uploads\/2021\/11\/cropped-lupa-icon.png","width":512,"height":512,"caption":"Observatori per a la igualtat"},"image":{"@id":"https:\/\/observatori-igualtat.es\/#\/schema\/logo\/image\/"},"sameAs":["https:\/\/www.facebook.com\/institutbaleardeladona","https:\/\/x.com\/IB_Dona","https:\/\/www.instagram.com\/ib_dona","https:\/\/www.youtube.com\/channel\/UC8SGWsVp4ABV3Ljo3rb_EGw"]}]}},"_links":{"self":[{"href":"https:\/\/observatori-igualtat.es\/es\/wp-json\/wp\/v2\/pages\/1355","targetHints":{"allow":["GET"]}}],"collection":[{"href":"https:\/\/observatori-igualtat.es\/es\/wp-json\/wp\/v2\/pages"}],"about":[{"href":"https:\/\/observatori-igualtat.es\/es\/wp-json\/wp\/v2\/types\/page"}],"author":[{"embeddable":true,"href":"https:\/\/observatori-igualtat.es\/es\/wp-json\/wp\/v2\/users\/2"}],"replies":[{"embeddable":true,"href":"https:\/\/observatori-igualtat.es\/es\/wp-json\/wp\/v2\/comments?post=1355"}],"version-history":[{"count":4,"href":"https:\/\/observatori-igualtat.es\/es\/wp-json\/wp\/v2\/pages\/1355\/revisions"}],"predecessor-version":[{"id":5828,"href":"https:\/\/observatori-igualtat.es\/es\/wp-json\/wp\/v2\/pages\/1355\/revisions\/5828"}],"wp:attachment":[{"href":"https:\/\/observatori-igualtat.es\/es\/wp-json\/wp\/v2\/media?parent=1355"}],"curies":[{"name":"wp","href":"https:\/\/api.w.org\/{rel}","templated":true}]}}